{"id":411,"date":"2020-12-14T08:35:51","date_gmt":"2020-12-14T08:35:51","guid":{"rendered":"http:\/\/icczrt.usernet.hu\/services\/projektmenedzsment\/"},"modified":"2021-05-10T07:49:28","modified_gmt":"2021-05-10T07:49:28","slug":"project-management","status":"publish","type":"page","link":"https:\/\/icczrt.hu\/en\/services\/project-management\/","title":{"rendered":"Project Management"},"content":{"rendered":"\n<p>Entrust us, and your success is guaranteed. Our team of exceptional professionals will guide your investment until its finalization, taking care of quality, handling different risk factors, determining the required resources, and organizing and overseeing the work. Our first priority is Your satisfaction, give us a chance and we guarantee the return of your investment.<\/p>\n\n\n\n<h1 class=\"wp-block-heading\">Detailed activities:<\/h1>\n\n\n\n<h2 class=\"wp-block-heading\">Preparation:<\/h2>\n\n\n\n<ul class=\"wp-block-list\"><li>Collating client expectations, requirements.<\/li><li>Planning business needs.<\/li><li>Analyzing goals and reasons behind realization.<\/li><li>Making a budget plan and its schedule.<\/li><li>Making a financial analysis to confirm the return of the investment.<\/li><li>Charting initial, known and assumed risks.<\/li><\/ul>\n\n\n\n<h2 class=\"wp-block-heading\">Planning:<\/h2>\n\n\n\n<ul class=\"wp-block-list\"><li>Defining subtasks of the project.<\/li><li>Defining activities needed for completing subtasks.<\/li><li>Defining required resources.<\/li><li>Preparing a schedule and budget.<\/li><li>Preparing plans for the subtasks.<\/li><\/ul>\n\n\n\n<h2 class=\"wp-block-heading\">Implementation:<\/h2>\n\n\n\n<ul class=\"wp-block-list\"><li>Coordinating and managing project activities according to the plan approved by the client.<\/li><li>Defining and continuously overseeing processes of quality assurance.<\/li><li>Continuously monitoring and assessing the performance.<\/li><li>Selecting the appropriate suppliers.<\/li><li>Continuously controlling costs and risks.<\/li><li>Collecting, processing and evaluating every information regarding the project.<\/li><\/ul>\n\n\n\n<h2 class=\"wp-block-heading\">Finalization:<\/h2>\n\n\n\n<ul class=\"wp-block-list\"><li>Handling project administration and finances, checking up on pending payments and closing of contracts.<\/li><li>Archiving necessary documents, guiding participants back to the appropriate places, managing the return of rented equipment.<\/li><li>Evaluating and documenting positive and negative experiences for later use.<\/li><\/ul>\n","protected":false},"excerpt":{"rendered":"<p>Entrust us, and your success is guaranteed. Our team of exceptional professionals will guide your investment until its finalization, taking care of quality, handling different risk factors, determining the required resources, and organizing and overseeing the work. Our first priority is Your satisfaction, give us a chance and we guarantee the return of your investment. [&hellip;]<\/p>\n","protected":false},"author":1,"featured_media":0,"parent":336,"menu_order":0,"comment_status":"closed","ping_status":"closed","template":"template-parts\/page-egy-szolgaltatas.php","meta":{"_acf_changed":false,"footnotes":""},"class_list":["post-411","page","type-page","status-publish","hentry"],"acf":[],"yoast_head":"<!-- This site is optimized with the Yoast SEO plugin v26.8 - https:\/\/yoast.com\/product\/yoast-seo-wordpress\/ -->\n<title>Project Management - ICC Zrt.<\/title>\n<meta name=\"robots\" content=\"index, follow, max-snippet:-1, max-image-preview:large, max-video-preview:-1\" \/>\n<link rel=\"canonical\" href=\"https:\/\/icczrt.hu\/en\/services\/project-management\/\" \/>\n<meta property=\"og:locale\" content=\"en_US\" \/>\n<meta property=\"og:type\" content=\"article\" \/>\n<meta property=\"og:title\" content=\"Project Management - ICC Zrt.\" \/>\n<meta property=\"og:description\" content=\"Entrust us, and your success is guaranteed. Our team of exceptional professionals will guide your investment until its finalization, taking care of quality, handling different risk factors, determining the required resources, and organizing and overseeing the work. Our first priority is Your satisfaction, give us a chance and we guarantee the return of your investment. [&hellip;]\" \/>\n<meta property=\"og:url\" content=\"https:\/\/icczrt.hu\/en\/services\/project-management\/\" \/>\n<meta property=\"og:site_name\" content=\"ICC Zrt.\" \/>\n<meta property=\"article:modified_time\" content=\"2021-05-10T07:49:28+00:00\" \/>\n<meta name=\"twitter:card\" content=\"summary_large_image\" \/>\n<meta name=\"twitter:label1\" content=\"Est. reading time\" \/>\n\t<meta name=\"twitter:data1\" content=\"1 minute\" \/>\n<script type=\"application\/ld+json\" class=\"yoast-schema-graph\">{\"@context\":\"https:\/\/schema.org\",\"@graph\":[{\"@type\":\"WebPage\",\"@id\":\"https:\/\/icczrt.hu\/en\/services\/project-management\/\",\"url\":\"https:\/\/icczrt.hu\/en\/services\/project-management\/\",\"name\":\"Project Management - ICC Zrt.\",\"isPartOf\":{\"@id\":\"https:\/\/icczrt.hu\/#website\"},\"datePublished\":\"2020-12-14T08:35:51+00:00\",\"dateModified\":\"2021-05-10T07:49:28+00:00\",\"breadcrumb\":{\"@id\":\"https:\/\/icczrt.hu\/en\/services\/project-management\/#breadcrumb\"},\"inLanguage\":\"en-US\",\"potentialAction\":[{\"@type\":\"ReadAction\",\"target\":[\"https:\/\/icczrt.hu\/en\/services\/project-management\/\"]}]},{\"@type\":\"BreadcrumbList\",\"@id\":\"https:\/\/icczrt.hu\/en\/services\/project-management\/#breadcrumb\",\"itemListElement\":[{\"@type\":\"ListItem\",\"position\":1,\"name\":\"Kezd\u0151lap\",\"item\":\"https:\/\/icczrt.hu\/en\/\"},{\"@type\":\"ListItem\",\"position\":2,\"name\":\"Services\",\"item\":\"https:\/\/icczrt.hu\/en\/services\/\"},{\"@type\":\"ListItem\",\"position\":3,\"name\":\"Project Management\"}]},{\"@type\":\"WebSite\",\"@id\":\"https:\/\/icczrt.hu\/#website\",\"url\":\"https:\/\/icczrt.hu\/\",\"name\":\"ICC Zrt.\",\"description\":\"V\u00e1logatott szakemberekb\u0151l \u00e1ll\u00f3 csapatunk sikerrel viszi v\u00e9gig kiemelt beruh\u00e1z\u00e1s\u00e1t. A projekt teljes ideje alatt \u00fcgyel\u00fcnk a min\u0151s\u00e9gre, folyamatosan figyelemmel k\u00eds\u00e9rj\u00fck az esetleges kock\u00e1zati t\u00e9nyez\u0151ket, meghat\u00e1rozzuk a sz\u00fcks\u00e9ges er\u0151forr\u00e1sokat, valamint megszervezz\u00fck \u00e9s ellen\u0151rizz\u00fck a munk\u00e1t.\",\"publisher\":{\"@id\":\"https:\/\/icczrt.hu\/#organization\"},\"potentialAction\":[{\"@type\":\"SearchAction\",\"target\":{\"@type\":\"EntryPoint\",\"urlTemplate\":\"https:\/\/icczrt.hu\/?s={search_term_string}\"},\"query-input\":{\"@type\":\"PropertyValueSpecification\",\"valueRequired\":true,\"valueName\":\"search_term_string\"}}],\"inLanguage\":\"en-US\"},{\"@type\":\"Organization\",\"@id\":\"https:\/\/icczrt.hu\/#organization\",\"name\":\"ICC Zrt.\",\"url\":\"https:\/\/icczrt.hu\/\",\"logo\":{\"@type\":\"ImageObject\",\"inLanguage\":\"en-US\",\"@id\":\"https:\/\/icczrt.hu\/#\/schema\/logo\/image\/\",\"url\":\"http:\/\/icczrt.hu\/wp-content\/uploads\/2021\/02\/favicon.png\",\"contentUrl\":\"http:\/\/icczrt.hu\/wp-content\/uploads\/2021\/02\/favicon.png\",\"width\":128,\"height\":128,\"caption\":\"ICC Zrt.\"},\"image\":{\"@id\":\"https:\/\/icczrt.hu\/#\/schema\/logo\/image\/\"}}]}<\/script>\n<!-- \/ Yoast SEO plugin. -->","yoast_head_json":{"title":"Project Management - ICC Zrt.","robots":{"index":"index","follow":"follow","max-snippet":"max-snippet:-1","max-image-preview":"max-image-preview:large","max-video-preview":"max-video-preview:-1"},"canonical":"https:\/\/icczrt.hu\/en\/services\/project-management\/","og_locale":"en_US","og_type":"article","og_title":"Project Management - ICC Zrt.","og_description":"Entrust us, and your success is guaranteed. Our team of exceptional professionals will guide your investment until its finalization, taking care of quality, handling different risk factors, determining the required resources, and organizing and overseeing the work. Our first priority is Your satisfaction, give us a chance and we guarantee the return of your investment. [&hellip;]","og_url":"https:\/\/icczrt.hu\/en\/services\/project-management\/","og_site_name":"ICC Zrt.","article_modified_time":"2021-05-10T07:49:28+00:00","twitter_card":"summary_large_image","twitter_misc":{"Est. reading time":"1 minute"},"schema":{"@context":"https:\/\/schema.org","@graph":[{"@type":"WebPage","@id":"https:\/\/icczrt.hu\/en\/services\/project-management\/","url":"https:\/\/icczrt.hu\/en\/services\/project-management\/","name":"Project Management - ICC Zrt.","isPartOf":{"@id":"https:\/\/icczrt.hu\/#website"},"datePublished":"2020-12-14T08:35:51+00:00","dateModified":"2021-05-10T07:49:28+00:00","breadcrumb":{"@id":"https:\/\/icczrt.hu\/en\/services\/project-management\/#breadcrumb"},"inLanguage":"en-US","potentialAction":[{"@type":"ReadAction","target":["https:\/\/icczrt.hu\/en\/services\/project-management\/"]}]},{"@type":"BreadcrumbList","@id":"https:\/\/icczrt.hu\/en\/services\/project-management\/#breadcrumb","itemListElement":[{"@type":"ListItem","position":1,"name":"Kezd\u0151lap","item":"https:\/\/icczrt.hu\/en\/"},{"@type":"ListItem","position":2,"name":"Services","item":"https:\/\/icczrt.hu\/en\/services\/"},{"@type":"ListItem","position":3,"name":"Project Management"}]},{"@type":"WebSite","@id":"https:\/\/icczrt.hu\/#website","url":"https:\/\/icczrt.hu\/","name":"ICC Zrt.","description":"V\u00e1logatott szakemberekb\u0151l \u00e1ll\u00f3 csapatunk sikerrel viszi v\u00e9gig kiemelt beruh\u00e1z\u00e1s\u00e1t. A projekt teljes ideje alatt \u00fcgyel\u00fcnk a min\u0151s\u00e9gre, folyamatosan figyelemmel k\u00eds\u00e9rj\u00fck az esetleges kock\u00e1zati t\u00e9nyez\u0151ket, meghat\u00e1rozzuk a sz\u00fcks\u00e9ges er\u0151forr\u00e1sokat, valamint megszervezz\u00fck \u00e9s ellen\u0151rizz\u00fck a munk\u00e1t.","publisher":{"@id":"https:\/\/icczrt.hu\/#organization"},"potentialAction":[{"@type":"SearchAction","target":{"@type":"EntryPoint","urlTemplate":"https:\/\/icczrt.hu\/?s={search_term_string}"},"query-input":{"@type":"PropertyValueSpecification","valueRequired":true,"valueName":"search_term_string"}}],"inLanguage":"en-US"},{"@type":"Organization","@id":"https:\/\/icczrt.hu\/#organization","name":"ICC Zrt.","url":"https:\/\/icczrt.hu\/","logo":{"@type":"ImageObject","inLanguage":"en-US","@id":"https:\/\/icczrt.hu\/#\/schema\/logo\/image\/","url":"http:\/\/icczrt.hu\/wp-content\/uploads\/2021\/02\/favicon.png","contentUrl":"http:\/\/icczrt.hu\/wp-content\/uploads\/2021\/02\/favicon.png","width":128,"height":128,"caption":"ICC Zrt."},"image":{"@id":"https:\/\/icczrt.hu\/#\/schema\/logo\/image\/"}}]}},"_links":{"self":[{"href":"https:\/\/icczrt.hu\/en\/wp-json\/wp\/v2\/pages\/411","targetHints":{"allow":["GET"]}}],"collection":[{"href":"https:\/\/icczrt.hu\/en\/wp-json\/wp\/v2\/pages"}],"about":[{"href":"https:\/\/icczrt.hu\/en\/wp-json\/wp\/v2\/types\/page"}],"author":[{"embeddable":true,"href":"https:\/\/icczrt.hu\/en\/wp-json\/wp\/v2\/users\/1"}],"replies":[{"embeddable":true,"href":"https:\/\/icczrt.hu\/en\/wp-json\/wp\/v2\/comments?post=411"}],"version-history":[{"count":3,"href":"https:\/\/icczrt.hu\/en\/wp-json\/wp\/v2\/pages\/411\/revisions"}],"predecessor-version":[{"id":464,"href":"https:\/\/icczrt.hu\/en\/wp-json\/wp\/v2\/pages\/411\/revisions\/464"}],"up":[{"embeddable":true,"href":"https:\/\/icczrt.hu\/en\/wp-json\/wp\/v2\/pages\/336"}],"wp:attachment":[{"href":"https:\/\/icczrt.hu\/en\/wp-json\/wp\/v2\/media?parent=411"}],"curies":[{"name":"wp","href":"https:\/\/api.w.org\/{rel}","templated":true}]}}