{"id":433,"date":"2020-12-14T10:44:19","date_gmt":"2020-12-14T10:44:19","guid":{"rendered":"http:\/\/icczrt.usernet.hu\/jogi-nyilatkozat\/"},"modified":"2021-03-24T09:27:39","modified_gmt":"2021-03-24T09:27:39","slug":"legal-note","status":"publish","type":"page","link":"https:\/\/icczrt.hu\/en\/legal-note\/","title":{"rendered":"Legal note"},"content":{"rendered":"\n<p><strong>Please read the following information carefully<\/strong><\/p>\n\n\n\n<p>By opening the site (the Internet service that can be accessed at www.bazaltko.hu) or any of its pages, you accept the conditions stipulated below. If you do not accept these conditions, then please do not open our web pages.<\/p>\n\n\n\n<p>Copyright<\/p>\n\n\n\n<p>The web pages of BAZALTK\u0150 Co. including all of its images and texts as well as their layout, are protected under copyright and trademark law, and the utilisation of these pages in whatever manner in an extent that exceeds personal use is only possible with the express written consent of BAZALTK\u0150 Co.<\/p>\n\n\n\n<p>Information<\/p>\n\n\n\n<p>The information, data and conditions contained in BAZALTK\u0150 Co.`s web pages are intended for information purposes only, and BAZALTK\u0150 Co. does not accept any liability with respect to their completeness or accuracy. Precise terms and conditions are contained in the effective Business Conditions of BAZALTK\u0150 Co.<\/p>\n\n\n\n<p>BAZALTK\u0150 Co. shall assume no liability for any damage, losses or costs arising from the use, unusability, inadequate operation or malfunction of its web pages, or from the unauthorised alteration of data by any person, the delayed transfer of information, computer viruses, line or system errors, or from any other similar causes.<\/p>\n\n\n\n<p>Protection of personal data and bank secrets<\/p>\n\n\n\n<p>BAZALTK\u0150 Co. handles any personal data that it becomes aware of during the use of the web pages in accordance with the provisions of Act LXIII of 1992 on the Protection of Personal Data and the Disclosure of Information of Public Interest. If you send any of your personal data to BAZALTK\u0150 Co., you agree that BAZALTK\u0150 Co. shall record and manage that data for the purpose and for the period determined by the nature of the transaction concerned.<\/p>\n\n\n\n<p>BAZALTK\u0150 Co. shall handle any data, facts, information or solution related to its customers` identity, personal details, financial position, business activity, business management, and ownership and business relations, as well as the balance of its customers` accounts and any data related to the movements on these accounts, as business secrets.<\/p>\n\n\n\n<p>BAZALTK\u0150 Co. shall protect any information sent to it through the Internet to the same degree as it would data placed at its disposal via any other means.<\/p>\n","protected":false},"excerpt":{"rendered":"<p>Please read the following information carefully By opening the site (the Internet service that can be accessed at www.bazaltko.hu) or any of its pages, you accept the conditions stipulated below. If you do not accept these conditions, then please do not open our web pages. Copyright The web pages of BAZALTK\u0150 Co. including all of [&hellip;]<\/p>\n","protected":false},"author":1,"featured_media":0,"parent":0,"menu_order":0,"comment_status":"closed","ping_status":"closed","template":"template-parts\/page-szoveges.php","meta":{"_acf_changed":false,"footnotes":""},"class_list":["post-433","page","type-page","status-publish","hentry"],"acf":[],"yoast_head":"<!-- This site is optimized with the Yoast SEO plugin v26.8 - https:\/\/yoast.com\/product\/yoast-seo-wordpress\/ -->\n<title>Legal note - ICC Zrt.<\/title>\n<meta name=\"robots\" content=\"index, follow, max-snippet:-1, max-image-preview:large, max-video-preview:-1\" \/>\n<link rel=\"canonical\" href=\"https:\/\/icczrt.hu\/en\/legal-note\/\" \/>\n<meta property=\"og:locale\" content=\"en_US\" \/>\n<meta property=\"og:type\" content=\"article\" \/>\n<meta property=\"og:title\" content=\"Legal note - ICC Zrt.\" \/>\n<meta property=\"og:description\" content=\"Please read the following information carefully By opening the site (the Internet service that can be accessed at www.bazaltko.hu) or any of its pages, you accept the conditions stipulated below. If you do not accept these conditions, then please do not open our web pages. Copyright The web pages of BAZALTK\u0150 Co. including all of [&hellip;]\" \/>\n<meta property=\"og:url\" content=\"https:\/\/icczrt.hu\/en\/legal-note\/\" \/>\n<meta property=\"og:site_name\" content=\"ICC Zrt.\" \/>\n<meta property=\"article:modified_time\" content=\"2021-03-24T09:27:39+00:00\" \/>\n<meta name=\"twitter:card\" content=\"summary_large_image\" \/>\n<meta name=\"twitter:label1\" content=\"Est. reading time\" \/>\n\t<meta name=\"twitter:data1\" content=\"2 minutes\" \/>\n<script type=\"application\/ld+json\" class=\"yoast-schema-graph\">{\"@context\":\"https:\/\/schema.org\",\"@graph\":[{\"@type\":\"WebPage\",\"@id\":\"https:\/\/icczrt.hu\/en\/legal-note\/\",\"url\":\"https:\/\/icczrt.hu\/en\/legal-note\/\",\"name\":\"Legal note - ICC Zrt.\",\"isPartOf\":{\"@id\":\"https:\/\/icczrt.hu\/#website\"},\"datePublished\":\"2020-12-14T10:44:19+00:00\",\"dateModified\":\"2021-03-24T09:27:39+00:00\",\"breadcrumb\":{\"@id\":\"https:\/\/icczrt.hu\/en\/legal-note\/#breadcrumb\"},\"inLanguage\":\"en-US\",\"potentialAction\":[{\"@type\":\"ReadAction\",\"target\":[\"https:\/\/icczrt.hu\/en\/legal-note\/\"]}]},{\"@type\":\"BreadcrumbList\",\"@id\":\"https:\/\/icczrt.hu\/en\/legal-note\/#breadcrumb\",\"itemListElement\":[{\"@type\":\"ListItem\",\"position\":1,\"name\":\"Kezd\u0151lap\",\"item\":\"https:\/\/icczrt.hu\/en\/\"},{\"@type\":\"ListItem\",\"position\":2,\"name\":\"Legal note\"}]},{\"@type\":\"WebSite\",\"@id\":\"https:\/\/icczrt.hu\/#website\",\"url\":\"https:\/\/icczrt.hu\/\",\"name\":\"ICC Zrt.\",\"description\":\"V\u00e1logatott szakemberekb\u0151l \u00e1ll\u00f3 csapatunk sikerrel viszi v\u00e9gig kiemelt beruh\u00e1z\u00e1s\u00e1t. A projekt teljes ideje alatt \u00fcgyel\u00fcnk a min\u0151s\u00e9gre, folyamatosan figyelemmel k\u00eds\u00e9rj\u00fck az esetleges kock\u00e1zati t\u00e9nyez\u0151ket, meghat\u00e1rozzuk a sz\u00fcks\u00e9ges er\u0151forr\u00e1sokat, valamint megszervezz\u00fck \u00e9s ellen\u0151rizz\u00fck a munk\u00e1t.\",\"publisher\":{\"@id\":\"https:\/\/icczrt.hu\/#organization\"},\"potentialAction\":[{\"@type\":\"SearchAction\",\"target\":{\"@type\":\"EntryPoint\",\"urlTemplate\":\"https:\/\/icczrt.hu\/?s={search_term_string}\"},\"query-input\":{\"@type\":\"PropertyValueSpecification\",\"valueRequired\":true,\"valueName\":\"search_term_string\"}}],\"inLanguage\":\"en-US\"},{\"@type\":\"Organization\",\"@id\":\"https:\/\/icczrt.hu\/#organization\",\"name\":\"ICC Zrt.\",\"url\":\"https:\/\/icczrt.hu\/\",\"logo\":{\"@type\":\"ImageObject\",\"inLanguage\":\"en-US\",\"@id\":\"https:\/\/icczrt.hu\/#\/schema\/logo\/image\/\",\"url\":\"http:\/\/icczrt.hu\/wp-content\/uploads\/2021\/02\/favicon.png\",\"contentUrl\":\"http:\/\/icczrt.hu\/wp-content\/uploads\/2021\/02\/favicon.png\",\"width\":128,\"height\":128,\"caption\":\"ICC Zrt.\"},\"image\":{\"@id\":\"https:\/\/icczrt.hu\/#\/schema\/logo\/image\/\"}}]}<\/script>\n<!-- \/ Yoast SEO plugin. -->","yoast_head_json":{"title":"Legal note - ICC Zrt.","robots":{"index":"index","follow":"follow","max-snippet":"max-snippet:-1","max-image-preview":"max-image-preview:large","max-video-preview":"max-video-preview:-1"},"canonical":"https:\/\/icczrt.hu\/en\/legal-note\/","og_locale":"en_US","og_type":"article","og_title":"Legal note - ICC Zrt.","og_description":"Please read the following information carefully By opening the site (the Internet service that can be accessed at www.bazaltko.hu) or any of its pages, you accept the conditions stipulated below. If you do not accept these conditions, then please do not open our web pages. Copyright The web pages of BAZALTK\u0150 Co. including all of [&hellip;]","og_url":"https:\/\/icczrt.hu\/en\/legal-note\/","og_site_name":"ICC Zrt.","article_modified_time":"2021-03-24T09:27:39+00:00","twitter_card":"summary_large_image","twitter_misc":{"Est. reading time":"2 minutes"},"schema":{"@context":"https:\/\/schema.org","@graph":[{"@type":"WebPage","@id":"https:\/\/icczrt.hu\/en\/legal-note\/","url":"https:\/\/icczrt.hu\/en\/legal-note\/","name":"Legal note - ICC Zrt.","isPartOf":{"@id":"https:\/\/icczrt.hu\/#website"},"datePublished":"2020-12-14T10:44:19+00:00","dateModified":"2021-03-24T09:27:39+00:00","breadcrumb":{"@id":"https:\/\/icczrt.hu\/en\/legal-note\/#breadcrumb"},"inLanguage":"en-US","potentialAction":[{"@type":"ReadAction","target":["https:\/\/icczrt.hu\/en\/legal-note\/"]}]},{"@type":"BreadcrumbList","@id":"https:\/\/icczrt.hu\/en\/legal-note\/#breadcrumb","itemListElement":[{"@type":"ListItem","position":1,"name":"Kezd\u0151lap","item":"https:\/\/icczrt.hu\/en\/"},{"@type":"ListItem","position":2,"name":"Legal note"}]},{"@type":"WebSite","@id":"https:\/\/icczrt.hu\/#website","url":"https:\/\/icczrt.hu\/","name":"ICC Zrt.","description":"V\u00e1logatott szakemberekb\u0151l \u00e1ll\u00f3 csapatunk sikerrel viszi v\u00e9gig kiemelt beruh\u00e1z\u00e1s\u00e1t. A projekt teljes ideje alatt \u00fcgyel\u00fcnk a min\u0151s\u00e9gre, folyamatosan figyelemmel k\u00eds\u00e9rj\u00fck az esetleges kock\u00e1zati t\u00e9nyez\u0151ket, meghat\u00e1rozzuk a sz\u00fcks\u00e9ges er\u0151forr\u00e1sokat, valamint megszervezz\u00fck \u00e9s ellen\u0151rizz\u00fck a munk\u00e1t.","publisher":{"@id":"https:\/\/icczrt.hu\/#organization"},"potentialAction":[{"@type":"SearchAction","target":{"@type":"EntryPoint","urlTemplate":"https:\/\/icczrt.hu\/?s={search_term_string}"},"query-input":{"@type":"PropertyValueSpecification","valueRequired":true,"valueName":"search_term_string"}}],"inLanguage":"en-US"},{"@type":"Organization","@id":"https:\/\/icczrt.hu\/#organization","name":"ICC Zrt.","url":"https:\/\/icczrt.hu\/","logo":{"@type":"ImageObject","inLanguage":"en-US","@id":"https:\/\/icczrt.hu\/#\/schema\/logo\/image\/","url":"http:\/\/icczrt.hu\/wp-content\/uploads\/2021\/02\/favicon.png","contentUrl":"http:\/\/icczrt.hu\/wp-content\/uploads\/2021\/02\/favicon.png","width":128,"height":128,"caption":"ICC Zrt."},"image":{"@id":"https:\/\/icczrt.hu\/#\/schema\/logo\/image\/"}}]}},"_links":{"self":[{"href":"https:\/\/icczrt.hu\/en\/wp-json\/wp\/v2\/pages\/433","targetHints":{"allow":["GET"]}}],"collection":[{"href":"https:\/\/icczrt.hu\/en\/wp-json\/wp\/v2\/pages"}],"about":[{"href":"https:\/\/icczrt.hu\/en\/wp-json\/wp\/v2\/types\/page"}],"author":[{"embeddable":true,"href":"https:\/\/icczrt.hu\/en\/wp-json\/wp\/v2\/users\/1"}],"replies":[{"embeddable":true,"href":"https:\/\/icczrt.hu\/en\/wp-json\/wp\/v2\/comments?post=433"}],"version-history":[{"count":2,"href":"https:\/\/icczrt.hu\/en\/wp-json\/wp\/v2\/pages\/433\/revisions"}],"predecessor-version":[{"id":435,"href":"https:\/\/icczrt.hu\/en\/wp-json\/wp\/v2\/pages\/433\/revisions\/435"}],"wp:attachment":[{"href":"https:\/\/icczrt.hu\/en\/wp-json\/wp\/v2\/media?parent=433"}],"curies":[{"name":"wp","href":"https:\/\/api.w.org\/{rel}","templated":true}]}}